{"id":12,"date":"2024-06-01T12:10:08","date_gmt":"2024-06-01T15:10:08","guid":{"rendered":"https:\/\/vulcanet.com.br\/telefonia-empresarial\/?page_id=12"},"modified":"2024-07-07T13:21:49","modified_gmt":"2024-07-07T16:21:49","slug":"contato","status":"publish","type":"page","link":"https:\/\/vulcanet.com.br\/telefonia-empresarial\/contato\/","title":{"rendered":"Contato"},"content":{"rendered":"\t\t<div data-elementor-type=\"wp-page\" data-elementor-id=\"12\" class=\"elementor elementor-12\" data-elementor-post-type=\"page\">\n\t\t\t\t<div class=\"elementor-element elementor-element-beefda8 e-flex e-con-boxed e-con e-parent\" data-id=\"beefda8\" data-element_type=\"container\" data-e-type=\"container\" data-settings=\"{&quot;background_background&quot;:&quot;classic&quot;}\">\n\t\t\t\t\t<div class=\"e-con-inner\">\n\t\t<div class=\"elementor-element elementor-element-3e392263 e-con-full e-flex e-con e-child\" data-id=\"3e392263\" data-element_type=\"container\" data-e-type=\"container\">\n\t\t\t\t<div class=\"elementor-element elementor-element-3b90c8de elementor-widget elementor-widget-heading\" data-id=\"3b90c8de\" data-element_type=\"widget\" data-e-type=\"widget\" data-widget_type=\"heading.default\">\n\t\t\t\t\t<h1 class=\"elementor-heading-title elementor-size-default\">Contato<\/h1>\t\t\t\t<\/div>\n\t\t\t\t<div class=\"elementor-element elementor-element-4398dd42 elementor-widget__width-initial elementor-widget elementor-widget-heading\" data-id=\"4398dd42\" data-element_type=\"widget\" data-e-type=\"widget\" data-widget_type=\"heading.default\">\n\t\t\t\t\t<h2 class=\"elementor-heading-title elementor-size-default\">Somos a Nova Gera\u00e7\u00e3o da<br>Operadora de Telefonia Fixa<\/h2>\t\t\t\t<\/div>\n\t\t\t\t<div class=\"elementor-element elementor-element-b3f9f90 elementor-widget elementor-widget-text-editor\" data-id=\"b3f9f90\" data-element_type=\"widget\" data-e-type=\"widget\" data-widget_type=\"text-editor.default\">\n\t\t\t\t\t\t\t\t\t<p>Nos queremos te ajudar!<br \/>Para isso s\u00f3 precisamos que voc\u00ea solicite a nossa ajuda!<\/p>\t\t\t\t\t\t\t\t<\/div>\n\t\t<div class=\"elementor-element elementor-element-789e2e9e e-grid e-con-full e-con e-child\" data-id=\"789e2e9e\" data-element_type=\"container\" data-e-type=\"container\">\n\t\t\t\t<div class=\"elementor-element elementor-element-562f56bf elementor-mobile-align-center elementor-align-justify elementor-widget elementor-widget-button\" data-id=\"562f56bf\" data-element_type=\"widget\" data-e-type=\"widget\" data-widget_type=\"button.default\">\n\t\t\t\t\t\t\t\t\t\t<a class=\"elementor-button elementor-button-link elementor-size-sm\" href=\"https:\/\/vulcanet.com.br\/telefonia-empresarial\/contato\/vendas\/\">\n\t\t\t\t\t\t<span class=\"elementor-button-content-wrapper\">\n\t\t\t\t\t\t\t\t\t<span class=\"elementor-button-text\">Quero <br>Contratar<\/span>\n\t\t\t\t\t<\/span>\n\t\t\t\t\t<\/a>\n\t\t\t\t\t\t\t\t<\/div>\n\t\t\t\t<div class=\"elementor-element elementor-element-653f927a elementor-mobile-align-center elementor-align-justify elementor-widget elementor-widget-button\" data-id=\"653f927a\" data-element_type=\"widget\" data-e-type=\"widget\" data-widget_type=\"button.default\">\n\t\t\t\t\t\t\t\t\t\t<a class=\"elementor-button elementor-button-link elementor-size-sm\" href=\"https:\/\/vulcanet.com.br\/telefonia-empresarial\/contato\/canais\/\">\n\t\t\t\t\t\t<span class=\"elementor-button-content-wrapper\">\n\t\t\t\t\t\t\t\t\t<span class=\"elementor-button-text\">Quero ser um Canal Parceiro<\/span>\n\t\t\t\t\t<\/span>\n\t\t\t\t\t<\/a>\n\t\t\t\t\t\t\t\t<\/div>\n\t\t\t\t<\/div>\n\t\t\t\t<\/div>\n\t\t<div class=\"elementor-element elementor-element-2f937741 e-con-full e-flex e-con e-child\" data-id=\"2f937741\" data-element_type=\"container\" data-e-type=\"container\">\n\t\t\t\t<div class=\"elementor-element elementor-element-6e1cc92d elementor-invisible elementor-widget elementor-widget-image\" data-id=\"6e1cc92d\" data-element_type=\"widget\" data-e-type=\"widget\" data-settings=\"{&quot;_animation&quot;:&quot;zoomIn&quot;}\" data-widget_type=\"image.default\">\n\t\t\t\t\t\t\t\t\t\t\t\t\t\t\t<img fetchpriority=\"high\" decoding=\"async\" width=\"768\" height=\"384\" src=\"https:\/\/vulcanet.com.br\/telefonia-empresarial\/wp-content\/uploads\/2024\/06\/VulcaNet_Sistemas_e_Engenharia-h1250-768x384.png\" class=\"attachment-medium_large size-medium_large wp-image-41\" alt=\"VulcaNet Sistemas e Engenharia\" srcset=\"https:\/\/vulcanet.com.br\/telefonia-empresarial\/wp-content\/uploads\/2024\/06\/VulcaNet_Sistemas_e_Engenharia-h1250-768x384.png 768w, https:\/\/vulcanet.com.br\/telefonia-empresarial\/wp-content\/uploads\/2024\/06\/VulcaNet_Sistemas_e_Engenharia-h1250-300x150.png 300w, https:\/\/vulcanet.com.br\/telefonia-empresarial\/wp-content\/uploads\/2024\/06\/VulcaNet_Sistemas_e_Engenharia-h1250-1024x512.png 1024w, https:\/\/vulcanet.com.br\/telefonia-empresarial\/wp-content\/uploads\/2024\/06\/VulcaNet_Sistemas_e_Engenharia-h1250-1536x768.png 1536w, https:\/\/vulcanet.com.br\/telefonia-empresarial\/wp-content\/uploads\/2024\/06\/VulcaNet_Sistemas_e_Engenharia-h1250-2048x1024.png 2048w\" sizes=\"(max-width: 768px) 100vw, 768px\" title=\"\">\t\t\t\t\t\t\t\t\t\t\t\t\t\t\t<\/div>\n\t\t\t\t<div class=\"elementor-element elementor-element-4bdb2bc9 elementor-widget elementor-widget-spacer\" data-id=\"4bdb2bc9\" data-element_type=\"widget\" data-e-type=\"widget\" data-widget_type=\"spacer.default\">\n\t\t\t\t\t\t\t<div class=\"elementor-spacer\">\n\t\t\t<div class=\"elementor-spacer-inner\"><\/div>\n\t\t<\/div>\n\t\t\t\t\t\t<\/div>\n\t\t\t\t<\/div>\n\t\t\t\t\t<\/div>\n\t\t\t\t<\/div>\n\t\t\t\t<\/div>\n\t\t","protected":false},"excerpt":{"rendered":"<p>Contato Somos a Nova Gera\u00e7\u00e3o daOperadora de Telefonia Fixa Nos queremos te ajudar!Para isso s\u00f3 precisamos que voc\u00ea solicite a nossa ajuda! Quero Contratar Quero ser um Canal Parceiro<\/p>\n","protected":false},"author":1,"featured_media":0,"parent":0,"menu_order":0,"comment_status":"closed","ping_status":"closed","template":"","meta":{"footnotes":""},"class_list":["post-12","page","type-page","status-publish","hentry"],"_links":{"self":[{"href":"https:\/\/vulcanet.com.br\/telefonia-empresarial\/wp-json\/wp\/v2\/pages\/12","targetHints":{"allow":["GET"]}}],"collection":[{"href":"https:\/\/vulcanet.com.br\/telefonia-empresarial\/wp-json\/wp\/v2\/pages"}],"about":[{"href":"https:\/\/vulcanet.com.br\/telefonia-empresarial\/wp-json\/wp\/v2\/types\/page"}],"author":[{"embeddable":true,"href":"https:\/\/vulcanet.com.br\/telefonia-empresarial\/wp-json\/wp\/v2\/users\/1"}],"replies":[{"embeddable":true,"href":"https:\/\/vulcanet.com.br\/telefonia-empresarial\/wp-json\/wp\/v2\/comments?post=12"}],"version-history":[{"count":20,"href":"https:\/\/vulcanet.com.br\/telefonia-empresarial\/wp-json\/wp\/v2\/pages\/12\/revisions"}],"predecessor-version":[{"id":813,"href":"https:\/\/vulcanet.com.br\/telefonia-empresarial\/wp-json\/wp\/v2\/pages\/12\/revisions\/813"}],"wp:attachment":[{"href":"https:\/\/vulcanet.com.br\/telefonia-empresarial\/wp-json\/wp\/v2\/media?parent=12"}],"curies":[{"name":"wp","href":"https:\/\/api.w.org\/{rel}","templated":true}]}}