{"id":67537,"date":"2021-12-07T18:10:08","date_gmt":"2021-12-07T21:10:08","guid":{"rendered":"https:\/\/vulcanet.com.br\/empresa-digital\/?page_id=67537"},"modified":"2021-12-07T18:10:38","modified_gmt":"2021-12-07T21:10:38","slug":"politica-lgpd-e-cookies","status":"publish","type":"page","link":"https:\/\/vulcanet.com.br\/empresa-digital\/politica-lgpd-e-cookies\/","title":{"rendered":"Pol\u00edtica LGPD e Cookies"},"content":{"rendered":"\t\t<div data-elementor-type=\"wp-page\" data-elementor-id=\"67537\" class=\"elementor elementor-67537\" data-elementor-post-type=\"page\">\n\t\t\t\t\t\t<section class=\"elementor-section elementor-top-section elementor-element elementor-element-14d032e elementor-section-boxed elementor-section-height-default elementor-section-height-default\" data-id=\"14d032e\" data-element_type=\"section\" data-settings=\"{&quot;background_background&quot;:&quot;classic&quot;}\">\n\t\t\t\t\t\t<div class=\"elementor-container elementor-column-gap-default\">\n\t\t\t\t\t<div class=\"elementor-column elementor-col-50 elementor-top-column elementor-element elementor-element-2ef071b\" data-id=\"2ef071b\" data-element_type=\"column\">\n\t\t\t<div class=\"elementor-widget-wrap elementor-element-populated\">\n\t\t\t\t\t\t<div class=\"elementor-element elementor-element-559af6d elementor-widget elementor-widget-heading\" data-id=\"559af6d\" data-element_type=\"widget\" data-widget_type=\"heading.default\">\n\t\t\t\t<div class=\"elementor-widget-container\">\n\t\t\t\t\t<h2 class=\"elementor-heading-title elementor-size-default\">Pol\u00edtica de Privacidade - LGPD<\/h2>\t\t\t\t<\/div>\n\t\t\t\t<\/div>\n\t\t\t\t<div class=\"elementor-element elementor-element-eb468dd elementor-widget elementor-widget-text-editor\" data-id=\"eb468dd\" data-element_type=\"widget\" data-widget_type=\"text-editor.default\">\n\t\t\t\t<div class=\"elementor-widget-container\">\n\t\t\t\t\t\t\t\t\t<p>Conhe\u00e7a os princ\u00edpios de uso blog Empresa\u00a0<\/p>\t\t\t\t\t\t\t\t<\/div>\n\t\t\t\t<\/div>\n\t\t\t\t\t<\/div>\n\t\t<\/div>\n\t\t\t\t<div class=\"elementor-column elementor-col-50 elementor-top-column elementor-element elementor-element-89ffcfd\" data-id=\"89ffcfd\" data-element_type=\"column\">\n\t\t\t<div class=\"elementor-widget-wrap\">\n\t\t\t\t\t\t\t<\/div>\n\t\t<\/div>\n\t\t\t\t\t<\/div>\n\t\t<\/section>\n\t\t\t\t<section class=\"elementor-section elementor-top-section elementor-element elementor-element-ce5ab2a elementor-section-boxed elementor-section-height-default elementor-section-height-default\" data-id=\"ce5ab2a\" data-element_type=\"section\">\n\t\t\t\t\t\t<div class=\"elementor-container elementor-column-gap-default\">\n\t\t\t\t\t<div class=\"elementor-column elementor-col-100 elementor-top-column elementor-element elementor-element-23caccc\" data-id=\"23caccc\" data-element_type=\"column\">\n\t\t\t<div class=\"elementor-widget-wrap elementor-element-populated\">\n\t\t\t\t\t\t<div class=\"elementor-element elementor-element-41f2635 elementor-position-inline-start elementor-view-default elementor-mobile-position-block-start elementor-widget elementor-widget-icon-box\" data-id=\"41f2635\" data-element_type=\"widget\" data-widget_type=\"icon-box.default\">\n\t\t\t\t<div class=\"elementor-widget-container\">\n\t\t\t\t\t\t\t<div class=\"elementor-icon-box-wrapper\">\n\n\t\t\t\t\t\t<div class=\"elementor-icon-box-icon\">\n\t\t\t\t<span  class=\"elementor-icon\">\n\t\t\t\t<i aria-hidden=\"true\" class=\"fas fa-lock\"><\/i>\t\t\t\t<\/span>\n\t\t\t<\/div>\n\t\t\t\n\t\t\t\t\t\t<div class=\"elementor-icon-box-content\">\n\n\t\t\t\t\t\t\t\t\t<h3 class=\"elementor-icon-box-title\">\n\t\t\t\t\t\t<span  >\n\t\t\t\t\t\t\tO software pe\u00e7aZap sempre valoriza a sua seguran\u00e7a.\t\t\t\t\t\t<\/span>\n\t\t\t\t\t<\/h3>\n\t\t\t\t\n\t\t\t\t\n\t\t\t<\/div>\n\t\t\t\n\t\t<\/div>\n\t\t\t\t\t\t<\/div>\n\t\t\t\t<\/div>\n\t\t\t\t\t<\/div>\n\t\t<\/div>\n\t\t\t\t\t<\/div>\n\t\t<\/section>\n\t\t\t\t<section class=\"elementor-section elementor-top-section elementor-element elementor-element-5936042 elementor-section-boxed elementor-section-height-default elementor-section-height-default\" data-id=\"5936042\" data-element_type=\"section\">\n\t\t\t\t\t\t<div class=\"elementor-container elementor-column-gap-default\">\n\t\t\t\t\t<div class=\"elementor-column elementor-col-100 elementor-top-column elementor-element elementor-element-ecc9179\" data-id=\"ecc9179\" data-element_type=\"column\">\n\t\t\t<div class=\"elementor-widget-wrap elementor-element-populated\">\n\t\t\t\t\t\t<div class=\"elementor-element elementor-element-179a050 elementor-widget elementor-widget-text-editor\" data-id=\"179a050\" data-element_type=\"widget\" data-widget_type=\"text-editor.default\">\n\t\t\t\t<div class=\"elementor-widget-container\">\n\t\t\t\t\t\t\t\t\t<div class=\"vc_row wpb_row vc_row-fluid\"><div class=\"wpb_column vc_column_container vc_col-sm-12\"><div class=\"vc_column-inner\"><div class=\"wpb_wrapper\"><div class=\"wpb_text_column wpb_content_element \"><div class=\"wpb_wrapper\"><h2><b>Pol\u00edtica de Cookies (LGPD)<\/b><\/h2><p>Esta Pol\u00edtica de Cookies online (a \u201cPol\u00edtica\u201d) se aplica a todos os dados recolhidos pelo pe\u00e7aZap. A proposta da Pol\u00edtica \u00e9 fornecer informa\u00e7\u00e3o sobre o recolhimento, uso e manuten\u00e7\u00e3o.<\/p><\/div><\/div><\/div><\/div><\/div><\/div><div class=\"vc_row wpb_row vc_row-fluid\"><div class=\"wpb_column vc_column_container vc_col-sm-12\"><div class=\"vc_column-inner\"><div class=\"wpb_wrapper\"><div class=\"wpb_text_column wpb_content_element \"><div class=\"wpb_wrapper\"><h2><b>O que s\u00e3o cookies?<\/b><\/h2><p>Conforme disposto na nossa Pol\u00edtica de Privacidade, cookies s\u00e3o arquivos de texto pequenos que armazenam algumas informa\u00e7\u00f5es e prefer\u00eancias salvos em seu dispositivo (\u201cCookies\u201d), e podem auxiliar na personaliza\u00e7\u00e3o de publicidade. Quando um cookie \u00e9 armazenado no disco r\u00edgido do computador, na pr\u00f3xima vez que voc\u00ea visitar o mesmo website, n\u00f3s poderemos te reconhecer.<\/p><\/div><\/div><\/div><\/div><\/div><\/div><div class=\"vc_row wpb_row vc_row-fluid\"><div class=\"wpb_column vc_column_container vc_col-sm-12\"><div class=\"vc_column-inner\"><div class=\"wpb_wrapper\"><div class=\"wpb_text_column wpb_content_element \"><div class=\"wpb_wrapper\"><h2><b>Como cookies s\u00e3o usados?<br \/>Cookies Estritamente Necess\u00e1rios<\/b><\/h2><p>Quando voc\u00ea visualiza nosso website, os softwares do pe\u00e7aZap ir\u00e3o imediatamente armazenar algumas informa\u00e7\u00f5es, na forma de cookies essenciais no seu computador. Esses cookies s\u00e3o essenciais para que o website que voc\u00ea est\u00e1 visitando, rode normalmente. Os cookies essenciais do pe\u00e7aZap, s\u00e3o usados para permitir o seu acesso \u00e0 certos recursos no website e para mostrar conte\u00fado personalizado.<\/p><\/div><\/div><\/div><\/div><\/div><\/div><div class=\"vc_row wpb_row vc_row-fluid\"><div class=\"wpb_column vc_column_container vc_col-sm-12\"><div class=\"vc_column-inner\"><div class=\"wpb_wrapper\"><div class=\"wpb_text_column wpb_content_element \"><div class=\"wpb_wrapper\"><h2><b>Performance dos Cookies<\/b><\/h2><p>Performance dos cookies \u00e9 usada para identificar voc\u00ea das suas visitas anteriores. Eles ir\u00e3o tamb\u00e9m permitir que o pe\u00e7aZap veja como voc\u00ea interage com o website. Essa informa\u00e7\u00e3o vai ajudar o pe\u00e7aZap a optimizar sua experi\u00eancia e facilitar sua navega\u00e7\u00e3o. Performance dos cookies n\u00e3o coletam informa\u00e7\u00f5es que identifiquem voc\u00ea.<\/p><\/div><\/div><\/div><\/div><\/div><\/div><div class=\"vc_row wpb_row vc_row-fluid\"><div class=\"wpb_column vc_column_container vc_col-sm-12\"><div class=\"vc_column-inner\"><div class=\"wpb_wrapper\"><div class=\"wpb_text_column wpb_content_element \"><div class=\"wpb_wrapper\"><h2><b>Desativa\u00e7\u00e3o de cookies<\/b><\/h2><p>Se voc\u00ea n\u00e3o deseja ter cookies adicionais, al\u00e9m destes descritos acima como Cookies Estritamente Necess\u00e1rios, inseridos em seu computador, ent\u00e3o voc\u00ea n\u00e3o conseguir\u00e1 usar o site do pe\u00e7aZap. Para apagar qualquer Cookies Estritamente Necess\u00e1rios que j\u00e1 foram inseridos no seu computador, voc\u00ea pode remov\u00ea-los do seu disco r\u00edgido consultando as instru\u00e7\u00f5es do navegador.<\/p><\/div><\/div><\/div><\/div><\/div><\/div><div class=\"vc_row wpb_row vc_row-fluid\"><div class=\"wpb_column vc_column_container vc_col-sm-12\"><div class=\"vc_column-inner\"><div class=\"wpb_wrapper\"><div class=\"wpb_text_column wpb_content_element \"><div class=\"wpb_wrapper\"><h2><b>Aviso Legal<\/b><\/h2><p>O pe\u00e7aZap \u00e9 um fornecedor SaaS (Software as a Service) e n\u00e3o controla ou \u00e9 respons\u00e1vel, de nenhuma forma, pelos uso aos quais os clientes possam dar \u00e0s informa\u00e7\u00f5es pessoais que voc\u00ea informar para eles. O pe\u00e7aZap se reserva ao direito de modificar a Pol\u00edtica de Cookies a qualquer tempo e ir\u00e1 notificar voc\u00ea postando um aditivo a pol\u00edtica de Cookies no nosso website. Tais modifica\u00e7\u00f5es se tornar\u00e3o efetivas no dias de sua publica\u00e7\u00e3o. O pe\u00e7aZap encoraja voc\u00ea a frequentemente revisar a Pol\u00edtica de Cookies.<\/p><\/div><\/div><\/div><\/div><\/div><\/div>\t\t\t\t\t\t\t\t<\/div>\n\t\t\t\t<\/div>\n\t\t\t\t\t<\/div>\n\t\t<\/div>\n\t\t\t\t\t<\/div>\n\t\t<\/section>\n\t\t\t\t<\/div>\n\t\t","protected":false},"excerpt":{"rendered":"<p>Pol\u00edtica de Privacidade &#8211; LGPD Conhe\u00e7a os princ\u00edpios de uso blog Empresa\u00a0 O software pe\u00e7aZap sempre valoriza a sua seguran\u00e7a. Pol\u00edtica de Cookies (LGPD) Esta Pol\u00edtica de Cookies online (a \u201cPol\u00edtica\u201d) se aplica a todos os dados recolhidos pelo pe\u00e7aZap. A proposta da Pol\u00edtica \u00e9 fornecer informa\u00e7\u00e3o sobre o recolhimento, uso e manuten\u00e7\u00e3o. O que [&hellip;]<\/p>\n","protected":false},"author":5,"featured_media":0,"parent":0,"menu_order":0,"comment_status":"closed","ping_status":"closed","template":"","meta":{"footnotes":""},"class_list":["post-67537","page","type-page","status-publish","hentry"],"_links":{"self":[{"href":"https:\/\/vulcanet.com.br\/empresa-digital\/wp-json\/wp\/v2\/pages\/67537","targetHints":{"allow":["GET"]}}],"collection":[{"href":"https:\/\/vulcanet.com.br\/empresa-digital\/wp-json\/wp\/v2\/pages"}],"about":[{"href":"https:\/\/vulcanet.com.br\/empresa-digital\/wp-json\/wp\/v2\/types\/page"}],"author":[{"embeddable":true,"href":"https:\/\/vulcanet.com.br\/empresa-digital\/wp-json\/wp\/v2\/users\/5"}],"replies":[{"embeddable":true,"href":"https:\/\/vulcanet.com.br\/empresa-digital\/wp-json\/wp\/v2\/comments?post=67537"}],"version-history":[{"count":3,"href":"https:\/\/vulcanet.com.br\/empresa-digital\/wp-json\/wp\/v2\/pages\/67537\/revisions"}],"predecessor-version":[{"id":67540,"href":"https:\/\/vulcanet.com.br\/empresa-digital\/wp-json\/wp\/v2\/pages\/67537\/revisions\/67540"}],"wp:attachment":[{"href":"https:\/\/vulcanet.com.br\/empresa-digital\/wp-json\/wp\/v2\/media?parent=67537"}],"curies":[{"name":"wp","href":"https:\/\/api.w.org\/{rel}","templated":true}]}}