{"id":62736,"date":"2021-06-22T10:01:05","date_gmt":"2021-06-22T13:01:05","guid":{"rendered":"https:\/\/vulcanet.com.br\/empresa-digital\/?page_id=62736"},"modified":"2021-07-23T15:34:51","modified_gmt":"2021-07-23T18:34:51","slug":"muito-obrigado","status":"publish","type":"page","link":"https:\/\/vulcanet.com.br\/empresa-digital\/parceiros\/muito-obrigado\/","title":{"rendered":"Muito Obrigado Parceiros"},"content":{"rendered":"\t\t<div data-elementor-type=\"wp-page\" data-elementor-id=\"62736\" class=\"elementor elementor-62736\" data-elementor-post-type=\"page\">\n\t\t\t\t\t\t<section class=\"elementor-section elementor-top-section elementor-element elementor-element-5ddbb7e elementor-section-content-middle elementor-section-boxed elementor-section-height-default elementor-section-height-default\" data-id=\"5ddbb7e\" data-element_type=\"section\">\n\t\t\t\t\t\t<div class=\"elementor-container elementor-column-gap-default\">\n\t\t\t\t\t<div class=\"elementor-column elementor-col-50 elementor-top-column elementor-element elementor-element-c41fb00\" data-id=\"c41fb00\" data-element_type=\"column\">\n\t\t\t<div class=\"elementor-widget-wrap elementor-element-populated\">\n\t\t\t\t\t\t<div class=\"elementor-element elementor-element-6a21a3e elementor-widget elementor-widget-image\" data-id=\"6a21a3e\" data-element_type=\"widget\" data-widget_type=\"image.default\">\n\t\t\t\t<div class=\"elementor-widget-container\">\n\t\t\t\t\t\t\t\t\t\t\t\t\t\t\t<img fetchpriority=\"high\" decoding=\"async\" width=\"768\" height=\"1024\" src=\"https:\/\/vulcanet.com.br\/empresa-digital\/wp-content\/uploads\/2021\/05\/mascote-vulca-blog-empresa-digital-768x1024.png\" class=\"attachment-medium_large size-medium_large wp-image-61681\" alt=\"mascote-vulca-blog-empresa-digital\" srcset=\"https:\/\/vulcanet.com.br\/empresa-digital\/wp-content\/uploads\/2021\/05\/mascote-vulca-blog-empresa-digital-768x1024.png 768w, https:\/\/vulcanet.com.br\/empresa-digital\/wp-content\/uploads\/2021\/05\/mascote-vulca-blog-empresa-digital-225x300.png 225w, https:\/\/vulcanet.com.br\/empresa-digital\/wp-content\/uploads\/2021\/05\/mascote-vulca-blog-empresa-digital.png 900w\" sizes=\"(max-width: 768px) 100vw, 768px\" \/>\t\t\t\t\t\t\t\t\t\t\t\t\t\t\t<\/div>\n\t\t\t\t<\/div>\n\t\t\t\t\t<\/div>\n\t\t<\/div>\n\t\t\t\t<div class=\"elementor-column elementor-col-50 elementor-top-column elementor-element elementor-element-07a1633\" data-id=\"07a1633\" data-element_type=\"column\">\n\t\t\t<div class=\"elementor-widget-wrap elementor-element-populated\">\n\t\t\t\t\t\t<div class=\"elementor-element elementor-element-0dc070e elementor-widget elementor-widget-heading\" data-id=\"0dc070e\" data-element_type=\"widget\" data-widget_type=\"heading.default\">\n\t\t\t\t<div class=\"elementor-widget-container\">\n\t\t\t\t\t<h2 class=\"elementor-heading-title elementor-size-default\">Muito Obrigado<\/h2>\t\t\t\t<\/div>\n\t\t\t\t<\/div>\n\t\t\t\t<div class=\"elementor-element elementor-element-7bd16d7 elementor-widget elementor-widget-text-editor\" data-id=\"7bd16d7\" data-element_type=\"widget\" data-widget_type=\"text-editor.default\">\n\t\t\t\t<div class=\"elementor-widget-container\">\n\t\t\t\t\t\t\t\t\t<p>Agradecemos seu contato responderemos em breve! Fique atento ao seu e-mail, voc\u00ea vai receber mais informa\u00e7\u00f5es por l\u00e1! Caso n\u00e3o encontre o e-mail, veja sua caixa de SPAM<\/p>\t\t\t\t\t\t\t\t<\/div>\n\t\t\t\t<\/div>\n\t\t\t\t<div class=\"elementor-element elementor-element-4007cff elementor-search-form--skin-classic elementor-search-form--button-type-icon elementor-search-form--icon-search elementor-widget elementor-widget-search-form\" data-id=\"4007cff\" data-element_type=\"widget\" data-settings=\"{&quot;skin&quot;:&quot;classic&quot;}\" data-widget_type=\"search-form.default\">\n\t\t\t\t<div class=\"elementor-widget-container\">\n\t\t\t\t\t\t\t<search role=\"search\">\n\t\t\t<form class=\"elementor-search-form\" action=\"https:\/\/vulcanet.com.br\/empresa-digital\" method=\"get\">\n\t\t\t\t\t\t\t\t\t\t\t\t<div class=\"elementor-search-form__container\">\n\t\t\t\t\t<label class=\"elementor-screen-only\" for=\"elementor-search-form-4007cff\">Search<\/label>\n\n\t\t\t\t\t\n\t\t\t\t\t<input id=\"elementor-search-form-4007cff\" placeholder=\"Buscar conte\u00fados...\" class=\"elementor-search-form__input\" type=\"search\" name=\"s\" value=\"\">\n\t\t\t\t\t\n\t\t\t\t\t\t\t\t\t\t\t<button class=\"elementor-search-form__submit\" type=\"submit\" aria-label=\"Search\">\n\t\t\t\t\t\t\t\t\t\t\t\t\t\t\t<i aria-hidden=\"true\" class=\"fas fa-search\"><\/i>\t\t\t\t\t\t\t\t\t\t\t\t\t<\/button>\n\t\t\t\t\t\n\t\t\t\t\t\t\t\t\t<\/div>\n\t\t\t<\/form>\n\t\t<\/search>\n\t\t\t\t\t\t<\/div>\n\t\t\t\t<\/div>\n\t\t\t\t<div class=\"elementor-element elementor-element-3692a64 elementor-align-justify elementor-widget elementor-widget-button\" data-id=\"3692a64\" data-element_type=\"widget\" data-widget_type=\"button.default\">\n\t\t\t\t<div class=\"elementor-widget-container\">\n\t\t\t\t\t\t\t\t\t<div class=\"elementor-button-wrapper\">\n\t\t\t\t\t<a class=\"elementor-button elementor-button-link elementor-size-lg\" href=\"https:\/\/vulcanet.com.br\/empresa-digital\/\">\n\t\t\t\t\t\t<span class=\"elementor-button-content-wrapper\">\n\t\t\t\t\t\t\t\t\t<span class=\"elementor-button-text\">Voltar a home<\/span>\n\t\t\t\t\t<\/span>\n\t\t\t\t\t<\/a>\n\t\t\t\t<\/div>\n\t\t\t\t\t\t\t\t<\/div>\n\t\t\t\t<\/div>\n\t\t\t\t\t<\/div>\n\t\t<\/div>\n\t\t\t\t\t<\/div>\n\t\t<\/section>\n\t\t\t\t<\/div>\n\t\t","protected":false},"excerpt":{"rendered":"<p>Muito Obrigado Agradecemos seu contato responderemos em breve! Fique atento ao seu e-mail, voc\u00ea vai receber mais informa\u00e7\u00f5es por l\u00e1! Caso n\u00e3o encontre o e-mail, veja sua caixa de SPAM Voltar a home<\/p>\n","protected":false},"author":5,"featured_media":0,"parent":62115,"menu_order":0,"comment_status":"closed","ping_status":"closed","template":"","meta":{"footnotes":""},"class_list":["post-62736","page","type-page","status-publish","hentry"],"_links":{"self":[{"href":"https:\/\/vulcanet.com.br\/empresa-digital\/wp-json\/wp\/v2\/pages\/62736","targetHints":{"allow":["GET"]}}],"collection":[{"href":"https:\/\/vulcanet.com.br\/empresa-digital\/wp-json\/wp\/v2\/pages"}],"about":[{"href":"https:\/\/vulcanet.com.br\/empresa-digital\/wp-json\/wp\/v2\/types\/page"}],"author":[{"embeddable":true,"href":"https:\/\/vulcanet.com.br\/empresa-digital\/wp-json\/wp\/v2\/users\/5"}],"replies":[{"embeddable":true,"href":"https:\/\/vulcanet.com.br\/empresa-digital\/wp-json\/wp\/v2\/comments?post=62736"}],"version-history":[{"count":5,"href":"https:\/\/vulcanet.com.br\/empresa-digital\/wp-json\/wp\/v2\/pages\/62736\/revisions"}],"predecessor-version":[{"id":63641,"href":"https:\/\/vulcanet.com.br\/empresa-digital\/wp-json\/wp\/v2\/pages\/62736\/revisions\/63641"}],"up":[{"embeddable":true,"href":"https:\/\/vulcanet.com.br\/empresa-digital\/wp-json\/wp\/v2\/pages\/62115"}],"wp:attachment":[{"href":"https:\/\/vulcanet.com.br\/empresa-digital\/wp-json\/wp\/v2\/media?parent=62736"}],"curies":[{"name":"wp","href":"https:\/\/api.w.org\/{rel}","templated":true}]}}