{"id":62108,"date":"2021-05-26T14:52:01","date_gmt":"2021-05-26T17:52:01","guid":{"rendered":"https:\/\/vulcanet.com.br\/empresa-digital\/?page_id=62108"},"modified":"2021-07-23T15:33:58","modified_gmt":"2021-07-23T18:33:58","slug":"muito-obrigado","status":"publish","type":"page","link":"https:\/\/vulcanet.com.br\/empresa-digital\/newsletter\/muito-obrigado\/","title":{"rendered":"Muito Obrigado Newsletter"},"content":{"rendered":"\t\t<div data-elementor-type=\"wp-page\" data-elementor-id=\"62108\" class=\"elementor elementor-62108\" data-elementor-post-type=\"page\">\n\t\t\t\t\t\t<section class=\"elementor-section elementor-top-section elementor-element elementor-element-537ccb10 elementor-section-content-middle elementor-section-boxed elementor-section-height-default elementor-section-height-default\" data-id=\"537ccb10\" data-element_type=\"section\">\n\t\t\t\t\t\t<div class=\"elementor-container elementor-column-gap-default\">\n\t\t\t\t\t<div class=\"elementor-column elementor-col-50 elementor-top-column elementor-element elementor-element-4fad9141\" data-id=\"4fad9141\" data-element_type=\"column\">\n\t\t\t<div class=\"elementor-widget-wrap elementor-element-populated\">\n\t\t\t\t\t\t<div class=\"elementor-element elementor-element-343b1a5c elementor-widget elementor-widget-image\" data-id=\"343b1a5c\" data-element_type=\"widget\" data-widget_type=\"image.default\">\n\t\t\t\t<div class=\"elementor-widget-container\">\n\t\t\t\t\t\t\t\t\t\t\t\t\t\t\t<img fetchpriority=\"high\" decoding=\"async\" width=\"800\" height=\"534\" src=\"https:\/\/vulcanet.com.br\/empresa-digital\/wp-content\/uploads\/2021\/06\/fique-bem-informado-vulca-blog-1024x683.png\" class=\"attachment-large size-large wp-image-62764\" alt=\"Fique Bem Informado Vulca Blog\" srcset=\"https:\/\/vulcanet.com.br\/empresa-digital\/wp-content\/uploads\/2021\/06\/fique-bem-informado-vulca-blog-1024x683.png 1024w, https:\/\/vulcanet.com.br\/empresa-digital\/wp-content\/uploads\/2021\/06\/fique-bem-informado-vulca-blog-300x200.png 300w, https:\/\/vulcanet.com.br\/empresa-digital\/wp-content\/uploads\/2021\/06\/fique-bem-informado-vulca-blog-768x512.png 768w, https:\/\/vulcanet.com.br\/empresa-digital\/wp-content\/uploads\/2021\/06\/fique-bem-informado-vulca-blog.png 1200w\" sizes=\"(max-width: 800px) 100vw, 800px\" \/>\t\t\t\t\t\t\t\t\t\t\t\t\t\t\t<\/div>\n\t\t\t\t<\/div>\n\t\t\t\t\t<\/div>\n\t\t<\/div>\n\t\t\t\t<div class=\"elementor-column elementor-col-50 elementor-top-column elementor-element elementor-element-64b24468\" data-id=\"64b24468\" data-element_type=\"column\">\n\t\t\t<div class=\"elementor-widget-wrap elementor-element-populated\">\n\t\t\t\t\t\t<div class=\"elementor-element elementor-element-642edd77 elementor-widget elementor-widget-heading\" data-id=\"642edd77\" data-element_type=\"widget\" data-widget_type=\"heading.default\">\n\t\t\t\t<div class=\"elementor-widget-container\">\n\t\t\t\t\t<h2 class=\"elementor-heading-title elementor-size-default\">Diga oi para a Newsletter<\/h2>\t\t\t\t<\/div>\n\t\t\t\t<\/div>\n\t\t\t\t<div class=\"elementor-element elementor-element-49b2db81 elementor-widget elementor-widget-text-editor\" data-id=\"49b2db81\" data-element_type=\"widget\" data-widget_type=\"text-editor.default\">\n\t\t\t\t<div class=\"elementor-widget-container\">\n\t\t\t\t\t\t\t\t\t<p>Voc\u00ea vai receber no seu e-mail os conte\u00fados mais completos e incr\u00edveis do nosso blog! Caso n\u00e3o encontre o e-mail, veja sua caixa de SPAM.<\/p>\t\t\t\t\t\t\t\t<\/div>\n\t\t\t\t<\/div>\n\t\t\t\t<div class=\"elementor-element elementor-element-3d40b24 elementor-widget elementor-widget-text-editor\" data-id=\"3d40b24\" data-element_type=\"widget\" data-widget_type=\"text-editor.default\">\n\t\t\t\t<div class=\"elementor-widget-container\">\n\t\t\t\t\t\t\t\t\t<p>Fique atualizado acompnhando nossas redes sociais<\/p>\t\t\t\t\t\t\t\t<\/div>\n\t\t\t\t<\/div>\n\t\t\t\t<div class=\"elementor-element elementor-element-25ec460 e-grid-align-left elementor-shape-rounded elementor-grid-0 elementor-widget elementor-widget-social-icons\" data-id=\"25ec460\" data-element_type=\"widget\" data-widget_type=\"social-icons.default\">\n\t\t\t\t<div class=\"elementor-widget-container\">\n\t\t\t\t\t\t\t<div class=\"elementor-social-icons-wrapper elementor-grid\" role=\"list\">\n\t\t\t\t\t\t\t<span class=\"elementor-grid-item\" role=\"listitem\">\n\t\t\t\t\t<a class=\"elementor-icon elementor-social-icon elementor-social-icon-facebook-f elementor-repeater-item-7b59f40\" href=\"https:\/\/www.facebook.com\/VulcaNet.Sistemas.e.Engenharia\" target=\"_blank\" rel=\"noopener\">\n\t\t\t\t\t\t<span class=\"elementor-screen-only\">Facebook-f<\/span>\n\t\t\t\t\t\t<i aria-hidden=\"true\" class=\"fab fa-facebook-f\"><\/i>\t\t\t\t\t<\/a>\n\t\t\t\t<\/span>\n\t\t\t\t\t\t\t<span class=\"elementor-grid-item\" role=\"listitem\">\n\t\t\t\t\t<a class=\"elementor-icon elementor-social-icon elementor-social-icon-linkedin-in elementor-repeater-item-f4dd3ce\" href=\"https:\/\/www.linkedin.com\/company\/vulcanet-sistemas-e-engenharia\" target=\"_blank\" rel=\"noopener\">\n\t\t\t\t\t\t<span class=\"elementor-screen-only\">Linkedin-in<\/span>\n\t\t\t\t\t\t<i aria-hidden=\"true\" class=\"fab fa-linkedin-in\"><\/i>\t\t\t\t\t<\/a>\n\t\t\t\t<\/span>\n\t\t\t\t\t\t\t<span class=\"elementor-grid-item\" role=\"listitem\">\n\t\t\t\t\t<a class=\"elementor-icon elementor-social-icon elementor-social-icon-instagram elementor-repeater-item-82435c6\" href=\"https:\/\/www.instagram.com\/vulcanet.sistemas.e.engenharia\/\" target=\"_blank\" rel=\"noopener\">\n\t\t\t\t\t\t<span class=\"elementor-screen-only\">Instagram<\/span>\n\t\t\t\t\t\t<i aria-hidden=\"true\" class=\"fab fa-instagram\"><\/i>\t\t\t\t\t<\/a>\n\t\t\t\t<\/span>\n\t\t\t\t\t<\/div>\n\t\t\t\t\t\t<\/div>\n\t\t\t\t<\/div>\n\t\t\t\t<div class=\"elementor-element elementor-element-e23d71f elementor-hidden-desktop elementor-hidden-tablet elementor-hidden-phone elementor-widget elementor-widget-text-editor\" data-id=\"e23d71f\" data-element_type=\"widget\" data-widget_type=\"text-editor.default\">\n\t\t\t\t<div class=\"elementor-widget-container\">\n\t\t\t\t\t\t\t\t\t<p>Convide mais pessoas para ficarem informadas!<\/p>\t\t\t\t\t\t\t\t<\/div>\n\t\t\t\t<\/div>\n\t\t\t\t<div class=\"elementor-element elementor-element-2fd55a9 elementor-share-buttons--view-icon elementor-share-buttons--skin-minimal elementor-share-buttons--shape-rounded elementor-share-buttons--color-custom elementor-hidden-desktop elementor-hidden-tablet elementor-hidden-phone elementor-grid-0 elementor-widget elementor-widget-share-buttons\" data-id=\"2fd55a9\" data-element_type=\"widget\" data-settings=\"{&quot;share_url&quot;:{&quot;url&quot;:&quot;https:\\\/\\\/vulcanet.com.br\\\/empresa-digital\\\/newsletter\\\/&quot;,&quot;is_external&quot;:&quot;&quot;,&quot;nofollow&quot;:&quot;&quot;,&quot;custom_attributes&quot;:&quot;&quot;}}\" data-widget_type=\"share-buttons.default\">\n\t\t\t\t<div class=\"elementor-widget-container\">\n\t\t\t\t\t\t\t<div class=\"elementor-grid\" role=\"list\">\n\t\t\t\t\t\t\t\t<div class=\"elementor-grid-item\" role=\"listitem\">\n\t\t\t\t\t\t<div class=\"elementor-share-btn elementor-share-btn_facebook\" role=\"button\" tabindex=\"0\" aria-label=\"Share on facebook\">\n\t\t\t\t\t\t\t\t\t\t\t\t\t\t\t<span class=\"elementor-share-btn__icon\">\n\t\t\t\t\t\t\t\t<i class=\"fab fa-facebook\" aria-hidden=\"true\"><\/i>\t\t\t\t\t\t\t<\/span>\n\t\t\t\t\t\t\t\t\t\t\t\t\t\t\t\t\t\t\t\t<\/div>\n\t\t\t\t\t<\/div>\n\t\t\t\t\t\t\t\t\t<div class=\"elementor-grid-item\" role=\"listitem\">\n\t\t\t\t\t\t<div class=\"elementor-share-btn elementor-share-btn_linkedin\" role=\"button\" tabindex=\"0\" aria-label=\"Share on linkedin\">\n\t\t\t\t\t\t\t\t\t\t\t\t\t\t\t<span class=\"elementor-share-btn__icon\">\n\t\t\t\t\t\t\t\t<i class=\"fab fa-linkedin\" aria-hidden=\"true\"><\/i>\t\t\t\t\t\t\t<\/span>\n\t\t\t\t\t\t\t\t\t\t\t\t\t\t\t\t\t\t\t\t<\/div>\n\t\t\t\t\t<\/div>\n\t\t\t\t\t\t\t\t\t<div class=\"elementor-grid-item\" role=\"listitem\">\n\t\t\t\t\t\t<div class=\"elementor-share-btn elementor-share-btn_telegram\" role=\"button\" tabindex=\"0\" aria-label=\"Share on telegram\">\n\t\t\t\t\t\t\t\t\t\t\t\t\t\t\t<span class=\"elementor-share-btn__icon\">\n\t\t\t\t\t\t\t\t<i class=\"fab fa-telegram\" aria-hidden=\"true\"><\/i>\t\t\t\t\t\t\t<\/span>\n\t\t\t\t\t\t\t\t\t\t\t\t\t\t\t\t\t\t\t\t<\/div>\n\t\t\t\t\t<\/div>\n\t\t\t\t\t\t\t\t\t<div class=\"elementor-grid-item\" role=\"listitem\">\n\t\t\t\t\t\t<div class=\"elementor-share-btn elementor-share-btn_whatsapp\" role=\"button\" tabindex=\"0\" aria-label=\"Share on whatsapp\">\n\t\t\t\t\t\t\t\t\t\t\t\t\t\t\t<span class=\"elementor-share-btn__icon\">\n\t\t\t\t\t\t\t\t<i class=\"fab fa-whatsapp\" aria-hidden=\"true\"><\/i>\t\t\t\t\t\t\t<\/span>\n\t\t\t\t\t\t\t\t\t\t\t\t\t\t\t\t\t\t\t\t<\/div>\n\t\t\t\t\t<\/div>\n\t\t\t\t\t\t<\/div>\n\t\t\t\t\t\t<\/div>\n\t\t\t\t<\/div>\n\t\t\t\t<div class=\"elementor-element elementor-element-4ccb14a4 elementor-align-justify elementor-widget elementor-widget-button\" data-id=\"4ccb14a4\" data-element_type=\"widget\" data-widget_type=\"button.default\">\n\t\t\t\t<div class=\"elementor-widget-container\">\n\t\t\t\t\t\t\t\t\t<div class=\"elementor-button-wrapper\">\n\t\t\t\t\t<a class=\"elementor-button elementor-button-link elementor-size-lg\" href=\"https:\/\/vulcanet.com.br\/empresa-digital\/\">\n\t\t\t\t\t\t<span class=\"elementor-button-content-wrapper\">\n\t\t\t\t\t\t\t\t\t<span class=\"elementor-button-text\">Voltar a home<\/span>\n\t\t\t\t\t<\/span>\n\t\t\t\t\t<\/a>\n\t\t\t\t<\/div>\n\t\t\t\t\t\t\t\t<\/div>\n\t\t\t\t<\/div>\n\t\t\t\t\t<\/div>\n\t\t<\/div>\n\t\t\t\t\t<\/div>\n\t\t<\/section>\n\t\t\t\t<\/div>\n\t\t","protected":false},"excerpt":{"rendered":"<p>Diga oi para a Newsletter Voc\u00ea vai receber no seu e-mail os conte\u00fados mais completos e incr\u00edveis do nosso blog! Caso n\u00e3o encontre o e-mail, veja sua caixa de SPAM. Fique atualizado acompnhando nossas redes sociais Facebook-f Linkedin-in Instagram Convide mais pessoas para ficarem informadas! Share on facebook Share on linkedin Share on telegram Share [&hellip;]<\/p>\n","protected":false},"author":1,"featured_media":0,"parent":62106,"menu_order":0,"comment_status":"closed","ping_status":"closed","template":"","meta":{"footnotes":""},"class_list":["post-62108","page","type-page","status-publish","hentry"],"_links":{"self":[{"href":"https:\/\/vulcanet.com.br\/empresa-digital\/wp-json\/wp\/v2\/pages\/62108","targetHints":{"allow":["GET"]}}],"collection":[{"href":"https:\/\/vulcanet.com.br\/empresa-digital\/wp-json\/wp\/v2\/pages"}],"about":[{"href":"https:\/\/vulcanet.com.br\/empresa-digital\/wp-json\/wp\/v2\/types\/page"}],"author":[{"embeddable":true,"href":"https:\/\/vulcanet.com.br\/empresa-digital\/wp-json\/wp\/v2\/users\/1"}],"replies":[{"embeddable":true,"href":"https:\/\/vulcanet.com.br\/empresa-digital\/wp-json\/wp\/v2\/comments?post=62108"}],"version-history":[{"count":5,"href":"https:\/\/vulcanet.com.br\/empresa-digital\/wp-json\/wp\/v2\/pages\/62108\/revisions"}],"predecessor-version":[{"id":63639,"href":"https:\/\/vulcanet.com.br\/empresa-digital\/wp-json\/wp\/v2\/pages\/62108\/revisions\/63639"}],"up":[{"embeddable":true,"href":"https:\/\/vulcanet.com.br\/empresa-digital\/wp-json\/wp\/v2\/pages\/62106"}],"wp:attachment":[{"href":"https:\/\/vulcanet.com.br\/empresa-digital\/wp-json\/wp\/v2\/media?parent=62108"}],"curies":[{"name":"wp","href":"https:\/\/api.w.org\/{rel}","templated":true}]}}